{"id":681,"date":"2019-09-09T13:48:53","date_gmt":"2019-09-09T12:48:53","guid":{"rendered":"https:\/\/www.spraypeoplegroup.com\/blog\/"},"modified":"2019-11-05T10:49:01","modified_gmt":"2019-11-05T10:49:01","slug":"blog","status":"publish","type":"page","link":"https:\/\/www.spraypeoplegroup.com\/fr\/blog\/","title":{"rendered":"Blog"},"content":{"rendered":"[vc_row type=\u00a0\u00bbfull_width_background\u00a0\u00bb full_screen_row_position=\u00a0\u00bbmiddle\u00a0\u00bb bg_color=\u00a0\u00bb#ffffff\u00a0\u00bb scene_position=\u00a0\u00bbcenter\u00a0\u00bb text_color=\u00a0\u00bbdark\u00a0\u00bb text_align=\u00a0\u00bbleft\u00a0\u00bb top_padding=\u00a0\u00bb50&Prime; bottom_padding=\u00a0\u00bb50&Prime; overlay_strength=\u00a0\u00bb0.3&Prime; shape_divider_position=\u00a0\u00bbbottom\u00a0\u00bb bg_image_animation=\u00a0\u00bbnone\u00a0\u00bb shape_type=\u00a0\u00bb\u00a0\u00bb][vc_column column_padding=\u00a0\u00bbno-extra-padding\u00a0\u00bb column_padding_position=\u00a0\u00bball\u00a0\u00bb background_color_opacity=\u00a0\u00bb1&Prime; background_hover_color_opacity=\u00a0\u00bb1&Prime; column_link_target=\u00a0\u00bb_self\u00a0\u00bb column_shadow=\u00a0\u00bbnone\u00a0\u00bb column_border_radius=\u00a0\u00bbnone\u00a0\u00bb width=\u00a0\u00bb1\/1&Prime; tablet_width_inherit=\u00a0\u00bbdefault\u00a0\u00bb tablet_text_alignment=\u00a0\u00bbdefault\u00a0\u00bb phone_text_alignment=\u00a0\u00bbdefault\u00a0\u00bb column_border_width=\u00a0\u00bbnone\u00a0\u00bb column_border_style=\u00a0\u00bbsolid\u00a0\u00bb bg_image_animation=\u00a0\u00bbnone\u00a0\u00bb][nectar_blog layout=\u00a0\u00bbstd-blog-sidebar\u00a0\u00bb blog_standard_style=\u00a0\u00bbclassic\u00a0\u00bb category=\u00a0\u00bball\u00a0\u00bb enable_pagination=\u00a0\u00bbtrue\u00a0\u00bb pagination_type=\u00a0\u00bbdefault\u00a0\u00bb load_in_animation=\u00a0\u00bbfade_in\u00a0\u00bb order=\u00a0\u00bbDESC\u00a0\u00bb orderby=\u00a0\u00bbdate\u00a0\u00bb blog_remove_post_author=\u00a0\u00bbtrue\u00a0\u00bb blog_remove_post_comment_number=\u00a0\u00bbtrue\u00a0\u00bb blog_remove_post_nectar_love=\u00a0\u00bbtrue\u00a0\u00bb posts_per_page=\u00a0\u00bb5&Prime;][\/vc_column][\/vc_row][vc_row type=\u00a0\u00bbin_container\u00a0\u00bb full_screen_row_position=\u00a0\u00bbmiddle\u00a0\u00bb scene_position=\u00a0\u00bbcenter\u00a0\u00bb text_color=\u00a0\u00bbdark\u00a0\u00bb text_align=\u00a0\u00bbleft\u00a0\u00bb overlay_strength=\u00a0\u00bb0.3&Prime; shape_divider_position=\u00a0\u00bbbottom\u00a0\u00bb bg_image_animation=\u00a0\u00bbnone\u00a0\u00bb][vc_column column_padding=\u00a0\u00bbno-extra-padding\u00a0\u00bb column_padding_position=\u00a0\u00bball\u00a0\u00bb background_color_opacity=\u00a0\u00bb1&Prime; background_hover_color_opacity=\u00a0\u00bb1&Prime; column_link_target=\u00a0\u00bb_self\u00a0\u00bb column_shadow=\u00a0\u00bbnone\u00a0\u00bb column_border_radius=\u00a0\u00bbnone\u00a0\u00bb width=\u00a0\u00bb1\/1&Prime; tablet_width_inherit=\u00a0\u00bbdefault\u00a0\u00bb tablet_text_alignment=\u00a0\u00bbdefault\u00a0\u00bb phone_text_alignment=\u00a0\u00bbdefault\u00a0\u00bb column_border_width=\u00a0\u00bbnone\u00a0\u00bb column_border_style=\u00a0\u00bbsolid\u00a0\u00bb bg_image_animation=\u00a0\u00bbnone\u00a0\u00bb]<div class=\"templatera_shortcode\">\r\n\t\t<div id=\"fullwidth-help\"  data-column-margin=\"default\" data-midnight=\"dark\"  class=\"wpb_row vc_row-fluid vc_row full-width-section vc_row-o-equal-height vc_row-flex vc_row-o-content-middle\"  style=\"padding-top: 50px; padding-bottom: 50px; \"><div class=\"row-bg-wrap\" data-bg-animation=\"none\" data-bg-animation-delay=\"\" data-bg-overlay=\"false\"><div class=\"inner-wrap row-bg-layer\" ><div class=\"row-bg viewport-desktop using-bg-color\"  style=\"background-color: #f3f3f3; \"><\/div><\/div><\/div><div class=\"row_col_wrap_12 col span_12 dark left\">\n\t<div  class=\"vc_col-sm-8 wpb_column column_container vc_column_container col no-extra-padding\"  data-padding-pos=\"all\" data-has-bg-color=\"false\" data-bg-color=\"\" data-bg-opacity=\"1\" data-animation=\"\" data-delay=\"0\" >\n\t\t<div class=\"vc_column-inner\" >\n\t\t\t<div class=\"wpb_wrapper\">\n\t\t\t\t\r\n<div class=\"wpb_text_column wpb_content_element  wpb_animate_when_almost_visible wpb_fadeInUp fadeInUp\" >\r\n\t<div class=\"wpb_wrapper\">\r\n\t\t<h4>Pour plus d\u2019informations<\/h4>\n<p>Si vous avez de questions concernant nos produits et services ou besoin de conseils concernant un projet, n\u2019h\u00e9sitez pas \u00e0 nous contacter.<\/p>\n\t<\/div>\r\n<\/div>\r\n\r\n\r\n\r\n\n\t\t\t<\/div> \n\t\t<\/div>\n\t<\/div> \n\n\t<div  class=\"vc_col-sm-4 wpb_column column_container vc_column_container col no-extra-padding\"  data-padding-pos=\"all\" data-has-bg-color=\"false\" data-bg-color=\"\" data-bg-opacity=\"1\" data-animation=\"\" data-delay=\"0\" >\n\t\t<div class=\"vc_column-inner\" >\n\t\t\t<div class=\"wpb_wrapper\">\n\t\t\t\t<a class=\"nectar-button small see-through-2 \"  style=\"\"  href=\"https:\/\/www.spraypeoplegroup.com\/fr\/contact\/\" data-color-override=\"false\" data-hover-color-override=\"false\" data-hover-text-color-override=\"#ffffff\"><span>Contactez-nous<\/span><\/a>\r\n<div class=\"wpb_text_column wpb_content_element  wpb_animate_when_almost_visible wpb_fadeInUp fadeInUp\" >\r\n\t<div class=\"wpb_wrapper\">\r\n\t\t<p><strong>+44(0)1273 400092<\/strong><\/p>\n\t<\/div>\r\n<\/div>\r\n\r\n\r\n\r\n\n\t\t\t<\/div> \n\t\t<\/div>\n\t<\/div> \n<\/div><\/div><\/div>[\/vc_column][\/vc_row]\n","protected":false},"excerpt":{"rendered":"Mar 17 2020 Love0 Qu&rsquo;est-ce qui fait un bon \u00e9quipement de pulv\u00e9risation pour le nettoyage et la d\u00e9sinfection ? By Catherine Lees Non classifi\u00e9(e) Alors que l&rsquo;\u00e9pid\u00e9mie de coronavirus est...","protected":false},"author":1,"featured_media":0,"parent":0,"menu_order":50,"comment_status":"closed","ping_status":"closed","template":"","meta":{"content-type":"","footnotes":""},"class_list":["post-681","page","type-page","status-publish"],"yoast_head":"<!-- This site is optimized with the Yoast SEO plugin v27.3 - https:\/\/yoast.com\/product\/yoast-seo-wordpress\/ -->\n<title>Notre Blog | The Spray People Group (SPG)<\/title>\n<meta name=\"description\" content=\"Obtenez les derni\u00e8res nouvelles, histoires et informations internes at de l&#039;industrie directement du groupe Spray People (SPG).\" \/>\n<meta name=\"robots\" content=\"index, follow, max-snippet:-1, max-image-preview:large, max-video-preview:-1\" \/>\n<link rel=\"canonical\" href=\"https:\/\/www.spraypeoplegroup.com\/fr\/blog\/\" \/>\n<meta property=\"og:locale\" content=\"fr_FR\" \/>\n<meta property=\"og:type\" content=\"article\" \/>\n<meta property=\"og:title\" content=\"Notre Blog | The Spray People Group (SPG)\" \/>\n<meta property=\"og:description\" content=\"Obtenez les derni\u00e8res nouvelles, histoires et informations internes at de l&#039;industrie directement du groupe Spray People (SPG).\" \/>\n<meta property=\"og:url\" content=\"https:\/\/www.spraypeoplegroup.com\/fr\/blog\/\" \/>\n<meta property=\"og:site_name\" content=\"The Spray People Group (SPG)\" \/>\n<meta property=\"article:modified_time\" content=\"2019-11-05T10:49:01+00:00\" \/>\n<meta property=\"og:image\" content=\"https:\/\/www.spraypeoplegroup.com\/wp-content\/uploads\/spray-people-group-og.jpg\" \/>\n\t<meta property=\"og:image:width\" content=\"1200\" \/>\n\t<meta property=\"og:image:height\" content=\"630\" \/>\n\t<meta property=\"og:image:type\" content=\"image\/jpeg\" \/>\n<meta name=\"twitter:card\" content=\"summary_large_image\" \/>\n<meta name=\"twitter:label1\" content=\"Dur\u00e9e de lecture estim\u00e9e\" \/>\n\t<meta name=\"twitter:data1\" content=\"1 minute\" \/>\n<script type=\"application\/ld+json\" class=\"yoast-schema-graph\">{\"@context\":\"https:\\\/\\\/schema.org\",\"@graph\":[{\"@type\":\"WebPage\",\"@id\":\"https:\\\/\\\/www.spraypeoplegroup.com\\\/fr\\\/blog\\\/\",\"url\":\"https:\\\/\\\/www.spraypeoplegroup.com\\\/fr\\\/blog\\\/\",\"name\":\"Notre Blog | The Spray People Group (SPG)\",\"isPartOf\":{\"@id\":\"https:\\\/\\\/www.spraypeoplegroup.com\\\/fr\\\/#website\"},\"datePublished\":\"2019-09-09T12:48:53+00:00\",\"dateModified\":\"2019-11-05T10:49:01+00:00\",\"description\":\"Obtenez les derni\u00e8res nouvelles, histoires et informations internes at de l'industrie directement du groupe Spray People (SPG).\",\"breadcrumb\":{\"@id\":\"https:\\\/\\\/www.spraypeoplegroup.com\\\/fr\\\/blog\\\/#breadcrumb\"},\"inLanguage\":\"fr-FR\",\"potentialAction\":[{\"@type\":\"ReadAction\",\"target\":[\"https:\\\/\\\/www.spraypeoplegroup.com\\\/fr\\\/blog\\\/\"]}]},{\"@type\":\"BreadcrumbList\",\"@id\":\"https:\\\/\\\/www.spraypeoplegroup.com\\\/fr\\\/blog\\\/#breadcrumb\",\"itemListElement\":[{\"@type\":\"ListItem\",\"position\":1,\"name\":\"Home\",\"item\":\"https:\\\/\\\/www.spraypeoplegroup.com\\\/fr\\\/\"},{\"@type\":\"ListItem\",\"position\":2,\"name\":\"Blog\"}]},{\"@type\":\"WebSite\",\"@id\":\"https:\\\/\\\/www.spraypeoplegroup.com\\\/fr\\\/#website\",\"url\":\"https:\\\/\\\/www.spraypeoplegroup.com\\\/fr\\\/\",\"name\":\"The Spray People Group (SPG)\",\"description\":\"UK &amp; Worldwide Specialist Business Solutions\",\"publisher\":{\"@id\":\"https:\\\/\\\/www.spraypeoplegroup.com\\\/fr\\\/#organization\"},\"potentialAction\":[{\"@type\":\"SearchAction\",\"target\":{\"@type\":\"EntryPoint\",\"urlTemplate\":\"https:\\\/\\\/www.spraypeoplegroup.com\\\/fr\\\/?s={search_term_string}\"},\"query-input\":{\"@type\":\"PropertyValueSpecification\",\"valueRequired\":true,\"valueName\":\"search_term_string\"}}],\"inLanguage\":\"fr-FR\"},{\"@type\":\"Organization\",\"@id\":\"https:\\\/\\\/www.spraypeoplegroup.com\\\/fr\\\/#organization\",\"name\":\"The Spray People Group (SPG)\",\"url\":\"https:\\\/\\\/www.spraypeoplegroup.com\\\/fr\\\/\",\"logo\":{\"@type\":\"ImageObject\",\"inLanguage\":\"fr-FR\",\"@id\":\"https:\\\/\\\/www.spraypeoplegroup.com\\\/fr\\\/#\\\/schema\\\/logo\\\/image\\\/\",\"url\":\"https:\\\/\\\/www.spraypeoplegroup.com\\\/wp-content\\\/uploads\\\/spray-people-group-logo-google.jpg\",\"contentUrl\":\"https:\\\/\\\/www.spraypeoplegroup.com\\\/wp-content\\\/uploads\\\/spray-people-group-logo-google.jpg\",\"width\":1200,\"height\":305,\"caption\":\"The Spray People Group (SPG)\"},\"image\":{\"@id\":\"https:\\\/\\\/www.spraypeoplegroup.com\\\/fr\\\/#\\\/schema\\\/logo\\\/image\\\/\"},\"sameAs\":[\"https:\\\/\\\/www.linkedin.com\\\/company\\\/17729467\"]}]}<\/script>\n<!-- \/ Yoast SEO plugin. -->","yoast_head_json":{"title":"Notre Blog | The Spray People Group (SPG)","description":"Obtenez les derni\u00e8res nouvelles, histoires et informations internes at de l'industrie directement du groupe Spray People (SPG).","robots":{"index":"index","follow":"follow","max-snippet":"max-snippet:-1","max-image-preview":"max-image-preview:large","max-video-preview":"max-video-preview:-1"},"canonical":"https:\/\/www.spraypeoplegroup.com\/fr\/blog\/","og_locale":"fr_FR","og_type":"article","og_title":"Notre Blog | The Spray People Group (SPG)","og_description":"Obtenez les derni\u00e8res nouvelles, histoires et informations internes at de l'industrie directement du groupe Spray People (SPG).","og_url":"https:\/\/www.spraypeoplegroup.com\/fr\/blog\/","og_site_name":"The Spray People Group (SPG)","article_modified_time":"2019-11-05T10:49:01+00:00","og_image":[{"width":1200,"height":630,"url":"https:\/\/www.spraypeoplegroup.com\/wp-content\/uploads\/spray-people-group-og.jpg","type":"image\/jpeg"}],"twitter_card":"summary_large_image","twitter_misc":{"Dur\u00e9e de lecture estim\u00e9e":"1 minute"},"schema":{"@context":"https:\/\/schema.org","@graph":[{"@type":"WebPage","@id":"https:\/\/www.spraypeoplegroup.com\/fr\/blog\/","url":"https:\/\/www.spraypeoplegroup.com\/fr\/blog\/","name":"Notre Blog | The Spray People Group (SPG)","isPartOf":{"@id":"https:\/\/www.spraypeoplegroup.com\/fr\/#website"},"datePublished":"2019-09-09T12:48:53+00:00","dateModified":"2019-11-05T10:49:01+00:00","description":"Obtenez les derni\u00e8res nouvelles, histoires et informations internes at de l'industrie directement du groupe Spray People (SPG).","breadcrumb":{"@id":"https:\/\/www.spraypeoplegroup.com\/fr\/blog\/#breadcrumb"},"inLanguage":"fr-FR","potentialAction":[{"@type":"ReadAction","target":["https:\/\/www.spraypeoplegroup.com\/fr\/blog\/"]}]},{"@type":"BreadcrumbList","@id":"https:\/\/www.spraypeoplegroup.com\/fr\/blog\/#breadcrumb","itemListElement":[{"@type":"ListItem","position":1,"name":"Home","item":"https:\/\/www.spraypeoplegroup.com\/fr\/"},{"@type":"ListItem","position":2,"name":"Blog"}]},{"@type":"WebSite","@id":"https:\/\/www.spraypeoplegroup.com\/fr\/#website","url":"https:\/\/www.spraypeoplegroup.com\/fr\/","name":"The Spray People Group (SPG)","description":"UK &amp; Worldwide Specialist Business Solutions","publisher":{"@id":"https:\/\/www.spraypeoplegroup.com\/fr\/#organization"},"potentialAction":[{"@type":"SearchAction","target":{"@type":"EntryPoint","urlTemplate":"https:\/\/www.spraypeoplegroup.com\/fr\/?s={search_term_string}"},"query-input":{"@type":"PropertyValueSpecification","valueRequired":true,"valueName":"search_term_string"}}],"inLanguage":"fr-FR"},{"@type":"Organization","@id":"https:\/\/www.spraypeoplegroup.com\/fr\/#organization","name":"The Spray People Group (SPG)","url":"https:\/\/www.spraypeoplegroup.com\/fr\/","logo":{"@type":"ImageObject","inLanguage":"fr-FR","@id":"https:\/\/www.spraypeoplegroup.com\/fr\/#\/schema\/logo\/image\/","url":"https:\/\/www.spraypeoplegroup.com\/wp-content\/uploads\/spray-people-group-logo-google.jpg","contentUrl":"https:\/\/www.spraypeoplegroup.com\/wp-content\/uploads\/spray-people-group-logo-google.jpg","width":1200,"height":305,"caption":"The Spray People Group (SPG)"},"image":{"@id":"https:\/\/www.spraypeoplegroup.com\/fr\/#\/schema\/logo\/image\/"},"sameAs":["https:\/\/www.linkedin.com\/company\/17729467"]}]}},"_links":{"self":[{"href":"https:\/\/www.spraypeoplegroup.com\/fr\/wp-json\/wp\/v2\/pages\/681","targetHints":{"allow":["GET"]}}],"collection":[{"href":"https:\/\/www.spraypeoplegroup.com\/fr\/wp-json\/wp\/v2\/pages"}],"about":[{"href":"https:\/\/www.spraypeoplegroup.com\/fr\/wp-json\/wp\/v2\/types\/page"}],"author":[{"embeddable":true,"href":"https:\/\/www.spraypeoplegroup.com\/fr\/wp-json\/wp\/v2\/users\/1"}],"replies":[{"embeddable":true,"href":"https:\/\/www.spraypeoplegroup.com\/fr\/wp-json\/wp\/v2\/comments?post=681"}],"version-history":[{"count":2,"href":"https:\/\/www.spraypeoplegroup.com\/fr\/wp-json\/wp\/v2\/pages\/681\/revisions"}],"predecessor-version":[{"id":845,"href":"https:\/\/www.spraypeoplegroup.com\/fr\/wp-json\/wp\/v2\/pages\/681\/revisions\/845"}],"wp:attachment":[{"href":"https:\/\/www.spraypeoplegroup.com\/fr\/wp-json\/wp\/v2\/media?parent=681"}],"curies":[{"name":"wp","href":"https:\/\/api.w.org\/{rel}","templated":true}]}}