{"id":658,"date":"2019-09-09T12:55:06","date_gmt":"2019-09-09T11:55:06","guid":{"rendered":"https:\/\/www.spraypeoplegroup.com\/sur\/"},"modified":"2019-11-05T10:29:57","modified_gmt":"2019-11-05T10:29:57","slug":"accueil","status":"publish","type":"page","link":"https:\/\/www.spraypeoplegroup.com\/fr\/accueil\/","title":{"rendered":"Accueil"},"content":{"rendered":"[vc_row type=\u00a0\u00bbfull_width_background\u00a0\u00bb full_screen_row_position=\u00a0\u00bbmiddle\u00a0\u00bb bg_color=\u00a0\u00bb#ffffff\u00a0\u00bb scene_position=\u00a0\u00bbcenter\u00a0\u00bb text_color=\u00a0\u00bbdark\u00a0\u00bb text_align=\u00a0\u00bbcenter\u00a0\u00bb top_padding=\u00a0\u00bb50&Prime; bottom_padding=\u00a0\u00bb50&Prime; id=\u00a0\u00bbpage-intro\u00a0\u00bb overlay_strength=\u00a0\u00bb0.3&Prime; shape_divider_position=\u00a0\u00bbbottom\u00a0\u00bb bg_image_animation=\u00a0\u00bbnone\u00a0\u00bb shape_type=\u00a0\u00bb\u00a0\u00bb][vc_column column_padding=\u00a0\u00bbno-extra-padding\u00a0\u00bb column_padding_position=\u00a0\u00bball\u00a0\u00bb background_color_opacity=\u00a0\u00bb1&Prime; background_hover_color_opacity=\u00a0\u00bb1&Prime; column_link_target=\u00a0\u00bb_self\u00a0\u00bb column_shadow=\u00a0\u00bbnone\u00a0\u00bb column_border_radius=\u00a0\u00bbnone\u00a0\u00bb width=\u00a0\u00bb1\/1&Prime; tablet_width_inherit=\u00a0\u00bbdefault\u00a0\u00bb tablet_text_alignment=\u00a0\u00bbdefault\u00a0\u00bb phone_text_alignment=\u00a0\u00bbdefault\u00a0\u00bb column_border_width=\u00a0\u00bbnone\u00a0\u00bb column_border_style=\u00a0\u00bbsolid\u00a0\u00bb bg_image_animation=\u00a0\u00bbnone\u00a0\u00bb][vc_column_text css_animation=\u00a0\u00bbfadeInUp\u00a0\u00bb]\n<h1>The Spray People Group<\/h1>\n<p>Le Groupe Spray People (SPG) a \u00e9t\u00e9 fond\u00e9 en 2013 pour regrouper nos cinq unit\u00e9s d&rsquo;affaires sp\u00e9cialis\u00e9es sous un m\u00eame toit. Les entreprises de SPG ont plus de quatre d\u00e9cennies d&rsquo;exp\u00e9rience combin\u00e9e de fournir une gamme de produits de niche et de solutions \u00e0 l&rsquo;industrie, soutenue par un savoir-faire technique en profondeur et un soutien \u00e0 la client\u00e8le in\u00e9gal\u00e9.<\/p>\n<p>Notre si\u00e8ge social se trouve au Royaume-Uni, mais nous travaillons avec des fournisseurs et des clients du monde entier. Nous comptons parmi nos clients les plus grandes soci\u00e9t\u00e9s d&rsquo;ing\u00e9nierie, de transformation alimentaire, de chimie et de p\u00e9trochimie au monde, ainsi qu&rsquo;un vaste \u00e9ventail de petites et moyennes entreprises (PME).<\/p>\n<p>Nos produits sont utilis\u00e9s dans de nombreuses applications, du nettoyage des cuves de brassage de bi\u00e8re \u00e0 l&rsquo;\u00e9puration des gaz en passant par la lutte contre les incendies.<\/p>\n<p>S&rsquo;il vous pla\u00eet visitez nos pages d&rsquo;entreprise individuelles pour en savoir plus sur nos entreprises, ou <a href=\"https:\/\/www.spraypeoplegroup.com\/fr\/contact\/\">contactez-nous<\/a> pour discuter de tout projet ou exigence que vous pourriez avoir.[\/vc_column_text][\/vc_column][\/vc_row][vc_row type=\u00a0\u00bbin_container\u00a0\u00bb full_screen_row_position=\u00a0\u00bbmiddle\u00a0\u00bb scene_position=\u00a0\u00bbcenter\u00a0\u00bb text_color=\u00a0\u00bbdark\u00a0\u00bb text_align=\u00a0\u00bbleft\u00a0\u00bb overlay_strength=\u00a0\u00bb0.3&Prime; shape_divider_position=\u00a0\u00bbbottom\u00a0\u00bb bg_image_animation=\u00a0\u00bbnone\u00a0\u00bb][vc_column column_padding=\u00a0\u00bbno-extra-padding\u00a0\u00bb column_padding_position=\u00a0\u00bball\u00a0\u00bb background_color_opacity=\u00a0\u00bb1&Prime; background_hover_color_opacity=\u00a0\u00bb1&Prime; column_link_target=\u00a0\u00bb_self\u00a0\u00bb column_shadow=\u00a0\u00bbnone\u00a0\u00bb column_border_radius=\u00a0\u00bbnone\u00a0\u00bb width=\u00a0\u00bb1\/1&Prime; tablet_width_inherit=\u00a0\u00bbdefault\u00a0\u00bb tablet_text_alignment=\u00a0\u00bbdefault\u00a0\u00bb phone_text_alignment=\u00a0\u00bbdefault\u00a0\u00bb column_border_width=\u00a0\u00bbnone\u00a0\u00bb column_border_style=\u00a0\u00bbsolid\u00a0\u00bb bg_image_animation=\u00a0\u00bbnone\u00a0\u00bb]<div class=\"templatera_shortcode\">\r\n\t\t<div id=\"fullwidth-brands\"  data-column-margin=\"default\" data-midnight=\"dark\"  class=\"wpb_row vc_row-fluid vc_row full-width-content vc_row-o-equal-height vc_row-flex vc_row-o-content-middle nomargin\"  style=\"padding-top: 0px; padding-bottom: 0px; \"><div class=\"row-bg-wrap\" data-bg-animation=\"none\" data-bg-animation-delay=\"\" data-bg-overlay=\"false\"><div class=\"inner-wrap row-bg-layer\" ><div class=\"row-bg viewport-desktop using-bg-color\"  style=\"background-color: #ffffff; \"><\/div><\/div><\/div><div class=\"row_col_wrap_12 col span_12 dark center\">\n\t<div  class=\"vc_col-sm-1\/5 wpb_column column_container vc_column_container col has-animation padding-2-percent\"  data-padding-pos=\"all\" data-has-bg-color=\"false\" data-bg-color=\"\" data-bg-opacity=\"1\" data-animation=\"fade-in\" data-delay=\"0\" >\n\t\t<div class=\"vc_column-inner\" ><a class=\"column-link\" target=\"_blank\" href=\"https:\/\/www.airnozzle.co.uk\"><\/a>\n\t\t\t<div class=\"wpb_wrapper\">\n\t\t\t\t<div class=\"img-with-aniamtion-wrap center\" data-max-width=\"100%\" data-max-width-mobile=\"100%\" data-shadow=\"none\" data-animation=\"fade-in\" >\r\n      <div class=\"inner\">\r\n        <div class=\"hover-wrap\"> \r\n          <div class=\"hover-wrap-inner\">\r\n            <img decoding=\"async\" class=\"img-with-animation skip-lazy \" data-delay=\"0\" height=\"261\" width=\"1296\" data-animation=\"fade-in\" src=\"https:\/\/www.spraypeoplegroup.com\/wp-content\/uploads\/air-nozzle-people-logo-color.png\" alt=\"Air Nozzle People Logo Color\" srcset=\"https:\/\/www.spraypeoplegroup.com\/wp-content\/uploads\/air-nozzle-people-logo-color.png 1296w, https:\/\/www.spraypeoplegroup.com\/wp-content\/uploads\/air-nozzle-people-logo-color-300x60.png 300w, https:\/\/www.spraypeoplegroup.com\/wp-content\/uploads\/air-nozzle-people-logo-color-768x155.png 768w, https:\/\/www.spraypeoplegroup.com\/wp-content\/uploads\/air-nozzle-people-logo-color-1024x206.png 1024w, https:\/\/www.spraypeoplegroup.com\/wp-content\/uploads\/air-nozzle-people-logo-color-24x5.png 24w, https:\/\/www.spraypeoplegroup.com\/wp-content\/uploads\/air-nozzle-people-logo-color-36x7.png 36w, https:\/\/www.spraypeoplegroup.com\/wp-content\/uploads\/air-nozzle-people-logo-color-48x10.png 48w\" sizes=\"(max-width: 1296px) 100vw, 1296px\" \/>\r\n          <\/div>\r\n        <\/div>\r\n      <\/div>\r\n    <\/div>\n\t\t\t<\/div> \n\t\t<\/div>\n\t<\/div> \n\n\t<div  class=\"vc_col-sm-1\/5 wpb_column column_container vc_column_container col has-animation padding-2-percent\"  data-padding-pos=\"all\" data-has-bg-color=\"false\" data-bg-color=\"\" data-bg-opacity=\"1\" data-animation=\"fade-in\" data-delay=\"0\" >\n\t\t<div class=\"vc_column-inner\" ><a class=\"column-link\" target=\"_blank\" href=\"https:\/\/www.spray-nozzle.co.uk\"><\/a>\n\t\t\t<div class=\"wpb_wrapper\">\n\t\t\t\t<div class=\"img-with-aniamtion-wrap center\" data-max-width=\"100%\" data-max-width-mobile=\"100%\" data-shadow=\"none\" data-animation=\"fade-in\" >\r\n      <div class=\"inner\">\r\n        <div class=\"hover-wrap\"> \r\n          <div class=\"hover-wrap-inner\">\r\n            <img decoding=\"async\" class=\"img-with-animation skip-lazy \" data-delay=\"0\" height=\"261\" width=\"1465\" data-animation=\"fade-in\" src=\"https:\/\/www.spraypeoplegroup.com\/wp-content\/uploads\/spray-nozzle-people-logo-french-color.png\" alt=\"Spray Nozzle People Logo French Color\" srcset=\"https:\/\/www.spraypeoplegroup.com\/wp-content\/uploads\/spray-nozzle-people-logo-french-color.png 1465w, https:\/\/www.spraypeoplegroup.com\/wp-content\/uploads\/spray-nozzle-people-logo-french-color-300x53.png 300w, https:\/\/www.spraypeoplegroup.com\/wp-content\/uploads\/spray-nozzle-people-logo-french-color-768x137.png 768w, https:\/\/www.spraypeoplegroup.com\/wp-content\/uploads\/spray-nozzle-people-logo-french-color-1024x182.png 1024w, https:\/\/www.spraypeoplegroup.com\/wp-content\/uploads\/spray-nozzle-people-logo-french-color-24x4.png 24w, https:\/\/www.spraypeoplegroup.com\/wp-content\/uploads\/spray-nozzle-people-logo-french-color-36x6.png 36w, https:\/\/www.spraypeoplegroup.com\/wp-content\/uploads\/spray-nozzle-people-logo-french-color-48x9.png 48w\" sizes=\"(max-width: 1465px) 100vw, 1465px\" \/>\r\n          <\/div>\r\n        <\/div>\r\n      <\/div>\r\n    <\/div>\n\t\t\t<\/div> \n\t\t<\/div>\n\t<\/div> \n\n\t<div  class=\"vc_col-sm-1\/5 wpb_column column_container vc_column_container col has-animation padding-2-percent\"  data-padding-pos=\"all\" data-has-bg-color=\"false\" data-bg-color=\"\" data-bg-opacity=\"1\" data-animation=\"fade-in\" data-delay=\"0\" >\n\t\t<div class=\"vc_column-inner\" ><a class=\"column-link\" target=\"_blank\" href=\"https:\/\/www.prosprayers.co.uk\"><\/a>\n\t\t\t<div class=\"wpb_wrapper\">\n\t\t\t\t<div class=\"img-with-aniamtion-wrap center\" data-max-width=\"100%\" data-max-width-mobile=\"100%\" data-shadow=\"none\" data-animation=\"fade-in\" >\r\n      <div class=\"inner\">\r\n        <div class=\"hover-wrap\"> \r\n          <div class=\"hover-wrap-inner\">\r\n            <img decoding=\"async\" class=\"img-with-animation skip-lazy \" data-delay=\"0\" height=\"261\" width=\"2091\" data-animation=\"fade-in\" src=\"https:\/\/www.spraypeoplegroup.com\/wp-content\/uploads\/professional-sprayers-people-logo-color.png\" alt=\"Professional Sprayers People Logo Color\" srcset=\"https:\/\/www.spraypeoplegroup.com\/wp-content\/uploads\/professional-sprayers-people-logo-color.png 2091w, https:\/\/www.spraypeoplegroup.com\/wp-content\/uploads\/professional-sprayers-people-logo-color-300x37.png 300w, https:\/\/www.spraypeoplegroup.com\/wp-content\/uploads\/professional-sprayers-people-logo-color-768x96.png 768w, https:\/\/www.spraypeoplegroup.com\/wp-content\/uploads\/professional-sprayers-people-logo-color-1024x128.png 1024w, https:\/\/www.spraypeoplegroup.com\/wp-content\/uploads\/professional-sprayers-people-logo-color-24x3.png 24w, https:\/\/www.spraypeoplegroup.com\/wp-content\/uploads\/professional-sprayers-people-logo-color-36x4.png 36w, https:\/\/www.spraypeoplegroup.com\/wp-content\/uploads\/professional-sprayers-people-logo-color-48x6.png 48w\" sizes=\"(max-width: 2091px) 100vw, 2091px\" \/>\r\n          <\/div>\r\n        <\/div>\r\n      <\/div>\r\n    <\/div>\n\t\t\t<\/div> \n\t\t<\/div>\n\t<\/div> \n\n\t<div  class=\"vc_col-sm-1\/5 wpb_column column_container vc_column_container col has-animation padding-2-percent\"  data-padding-pos=\"all\" data-has-bg-color=\"false\" data-bg-color=\"\" data-bg-opacity=\"1\" data-animation=\"fade-in\" data-delay=\"0\" >\n\t\t<div class=\"vc_column-inner\" ><a class=\"column-link\" target=\"_blank\" href=\"https:\/\/www.safetyshowerpeople.co.uk\"><\/a>\n\t\t\t<div class=\"wpb_wrapper\">\n\t\t\t\t<div class=\"img-with-aniamtion-wrap center\" data-max-width=\"100%\" data-max-width-mobile=\"100%\" data-shadow=\"none\" data-animation=\"fade-in\" >\r\n      <div class=\"inner\">\r\n        <div class=\"hover-wrap\"> \r\n          <div class=\"hover-wrap-inner\">\r\n            <img decoding=\"async\" class=\"img-with-animation skip-lazy \" data-delay=\"0\" height=\"261\" width=\"1576\" data-animation=\"fade-in\" src=\"https:\/\/www.spraypeoplegroup.com\/wp-content\/uploads\/safety-shower-people-logo-color.png\" alt=\"Safety Shower People Logo Color\" srcset=\"https:\/\/www.spraypeoplegroup.com\/wp-content\/uploads\/safety-shower-people-logo-color.png 1576w, https:\/\/www.spraypeoplegroup.com\/wp-content\/uploads\/safety-shower-people-logo-color-300x50.png 300w, https:\/\/www.spraypeoplegroup.com\/wp-content\/uploads\/safety-shower-people-logo-color-768x127.png 768w, https:\/\/www.spraypeoplegroup.com\/wp-content\/uploads\/safety-shower-people-logo-color-1024x170.png 1024w, https:\/\/www.spraypeoplegroup.com\/wp-content\/uploads\/safety-shower-people-logo-color-24x4.png 24w, https:\/\/www.spraypeoplegroup.com\/wp-content\/uploads\/safety-shower-people-logo-color-36x6.png 36w, https:\/\/www.spraypeoplegroup.com\/wp-content\/uploads\/safety-shower-people-logo-color-48x8.png 48w\" sizes=\"(max-width: 1576px) 100vw, 1576px\" \/>\r\n          <\/div>\r\n        <\/div>\r\n      <\/div>\r\n    <\/div>\n\t\t\t<\/div> \n\t\t<\/div>\n\t<\/div> \n\n\t<div  class=\"vc_col-sm-1\/5 wpb_column column_container vc_column_container col has-animation padding-2-percent\"  data-padding-pos=\"all\" data-has-bg-color=\"false\" data-bg-color=\"\" data-bg-opacity=\"1\" data-animation=\"fade-in\" data-delay=\"0\" >\n\t\t<div class=\"vc_column-inner\" ><a class=\"column-link\" target=\"_blank\" href=\"http:\/\/fulfilmentpeople.co.uk\/\"><\/a>\n\t\t\t<div class=\"wpb_wrapper\">\n\t\t\t\t<div class=\"img-with-aniamtion-wrap center\" data-max-width=\"100%\" data-max-width-mobile=\"100%\" data-shadow=\"none\" data-animation=\"fade-in\" >\r\n      <div class=\"inner\">\r\n        <div class=\"hover-wrap\"> \r\n          <div class=\"hover-wrap-inner\">\r\n            <img decoding=\"async\" class=\"img-with-animation skip-lazy \" data-delay=\"0\" height=\"261\" width=\"2091\" data-animation=\"fade-in\" src=\"https:\/\/www.spraypeoplegroup.com\/wp-content\/uploads\/tfp_logo-02-1-scaled.png\" alt=\"Le Fulfilment People\"  \/>\r\n          <\/div>\r\n        <\/div>\r\n      <\/div>\r\n    <\/div>\n\t\t\t<\/div> \n\t\t<\/div>\n\t<\/div> \n<\/div><\/div><\/div>[\/vc_column][\/vc_row]\n","protected":false},"excerpt":{"rendered":"The Spray People Group Le Groupe Spray People (SPG) a \u00e9t\u00e9 fond\u00e9 en 2013 pour regrouper nos cinq unit\u00e9s d'affaires sp\u00e9cialis\u00e9es sous un m\u00eame toit. Les entreprises de SPG ont...","protected":false},"author":1,"featured_media":0,"parent":0,"menu_order":20,"comment_status":"closed","ping_status":"closed","template":"","meta":{"content-type":"","footnotes":""},"class_list":["post-658","page","type-page","status-publish"],"yoast_head":"<!-- This site is optimized with the Yoast SEO plugin v27.3 - https:\/\/yoast.com\/product\/yoast-seo-wordpress\/ -->\n<title>The Spray People Group (SPG) | Products &amp; Solutions Industriels de Niche<\/title>\n<meta name=\"description\" content=\"Fond\u00e9 en 2013, Spray People Group compte parmi ses clients les plus grandes soci\u00e9t\u00e9s d&#039;ing\u00e9nierie, de transformation alimentaire, chimiques\/p\u00e9trochimiques.\" \/>\n<meta name=\"robots\" content=\"index, follow, max-snippet:-1, max-image-preview:large, max-video-preview:-1\" \/>\n<link rel=\"canonical\" href=\"https:\/\/www.spraypeoplegroup.com\/fr\/accueil\/\" \/>\n<meta property=\"og:locale\" content=\"fr_FR\" \/>\n<meta property=\"og:type\" content=\"article\" \/>\n<meta property=\"og:title\" content=\"The Spray People Group (SPG) | Products &amp; Solutions Industriels de Niche\" \/>\n<meta property=\"og:description\" content=\"Fond\u00e9 en 2013, Spray People Group compte parmi ses clients les plus grandes soci\u00e9t\u00e9s d&#039;ing\u00e9nierie, de transformation alimentaire, chimiques\/p\u00e9trochimiques.\" \/>\n<meta property=\"og:url\" content=\"https:\/\/www.spraypeoplegroup.com\/fr\/accueil\/\" \/>\n<meta property=\"og:site_name\" content=\"The Spray People Group (SPG)\" \/>\n<meta property=\"article:modified_time\" content=\"2019-11-05T10:29:57+00:00\" \/>\n<meta property=\"og:image\" content=\"https:\/\/www.spraypeoplegroup.com\/wp-content\/uploads\/spray-people-group-og.jpg\" \/>\n\t<meta property=\"og:image:width\" content=\"1200\" \/>\n\t<meta property=\"og:image:height\" content=\"630\" \/>\n\t<meta property=\"og:image:type\" content=\"image\/jpeg\" \/>\n<meta name=\"twitter:card\" content=\"summary_large_image\" \/>\n<meta name=\"twitter:label1\" content=\"Dur\u00e9e de lecture estim\u00e9e\" \/>\n\t<meta name=\"twitter:data1\" content=\"2 minutes\" \/>\n<script type=\"application\/ld+json\" class=\"yoast-schema-graph\">{\"@context\":\"https:\\\/\\\/schema.org\",\"@graph\":[{\"@type\":\"WebPage\",\"@id\":\"https:\\\/\\\/www.spraypeoplegroup.com\\\/fr\\\/accueil\\\/\",\"url\":\"https:\\\/\\\/www.spraypeoplegroup.com\\\/fr\\\/accueil\\\/\",\"name\":\"The Spray People Group (SPG) | Products & Solutions Industriels de Niche\",\"isPartOf\":{\"@id\":\"https:\\\/\\\/www.spraypeoplegroup.com\\\/fr\\\/#website\"},\"datePublished\":\"2019-09-09T11:55:06+00:00\",\"dateModified\":\"2019-11-05T10:29:57+00:00\",\"description\":\"Fond\u00e9 en 2013, Spray People Group compte parmi ses clients les plus grandes soci\u00e9t\u00e9s d'ing\u00e9nierie, de transformation alimentaire, chimiques\\\/p\u00e9trochimiques.\",\"breadcrumb\":{\"@id\":\"https:\\\/\\\/www.spraypeoplegroup.com\\\/fr\\\/accueil\\\/#breadcrumb\"},\"inLanguage\":\"fr-FR\",\"potentialAction\":[{\"@type\":\"ReadAction\",\"target\":[\"https:\\\/\\\/www.spraypeoplegroup.com\\\/fr\\\/accueil\\\/\"]}]},{\"@type\":\"BreadcrumbList\",\"@id\":\"https:\\\/\\\/www.spraypeoplegroup.com\\\/fr\\\/accueil\\\/#breadcrumb\",\"itemListElement\":[{\"@type\":\"ListItem\",\"position\":1,\"name\":\"Home\",\"item\":\"https:\\\/\\\/www.spraypeoplegroup.com\\\/fr\\\/\"},{\"@type\":\"ListItem\",\"position\":2,\"name\":\"Accueil\"}]},{\"@type\":\"WebSite\",\"@id\":\"https:\\\/\\\/www.spraypeoplegroup.com\\\/fr\\\/#website\",\"url\":\"https:\\\/\\\/www.spraypeoplegroup.com\\\/fr\\\/\",\"name\":\"The Spray People Group (SPG)\",\"description\":\"UK &amp; Worldwide Specialist Business Solutions\",\"publisher\":{\"@id\":\"https:\\\/\\\/www.spraypeoplegroup.com\\\/fr\\\/#organization\"},\"potentialAction\":[{\"@type\":\"SearchAction\",\"target\":{\"@type\":\"EntryPoint\",\"urlTemplate\":\"https:\\\/\\\/www.spraypeoplegroup.com\\\/fr\\\/?s={search_term_string}\"},\"query-input\":{\"@type\":\"PropertyValueSpecification\",\"valueRequired\":true,\"valueName\":\"search_term_string\"}}],\"inLanguage\":\"fr-FR\"},{\"@type\":\"Organization\",\"@id\":\"https:\\\/\\\/www.spraypeoplegroup.com\\\/fr\\\/#organization\",\"name\":\"The Spray People Group (SPG)\",\"url\":\"https:\\\/\\\/www.spraypeoplegroup.com\\\/fr\\\/\",\"logo\":{\"@type\":\"ImageObject\",\"inLanguage\":\"fr-FR\",\"@id\":\"https:\\\/\\\/www.spraypeoplegroup.com\\\/fr\\\/#\\\/schema\\\/logo\\\/image\\\/\",\"url\":\"https:\\\/\\\/www.spraypeoplegroup.com\\\/wp-content\\\/uploads\\\/spray-people-group-logo-google.jpg\",\"contentUrl\":\"https:\\\/\\\/www.spraypeoplegroup.com\\\/wp-content\\\/uploads\\\/spray-people-group-logo-google.jpg\",\"width\":1200,\"height\":305,\"caption\":\"The Spray People Group (SPG)\"},\"image\":{\"@id\":\"https:\\\/\\\/www.spraypeoplegroup.com\\\/fr\\\/#\\\/schema\\\/logo\\\/image\\\/\"},\"sameAs\":[\"https:\\\/\\\/www.linkedin.com\\\/company\\\/17729467\"]}]}<\/script>\n<!-- \/ Yoast SEO plugin. -->","yoast_head_json":{"title":"The Spray People Group (SPG) | Products & Solutions Industriels de Niche","description":"Fond\u00e9 en 2013, Spray People Group compte parmi ses clients les plus grandes soci\u00e9t\u00e9s d'ing\u00e9nierie, de transformation alimentaire, chimiques\/p\u00e9trochimiques.","robots":{"index":"index","follow":"follow","max-snippet":"max-snippet:-1","max-image-preview":"max-image-preview:large","max-video-preview":"max-video-preview:-1"},"canonical":"https:\/\/www.spraypeoplegroup.com\/fr\/accueil\/","og_locale":"fr_FR","og_type":"article","og_title":"The Spray People Group (SPG) | Products & Solutions Industriels de Niche","og_description":"Fond\u00e9 en 2013, Spray People Group compte parmi ses clients les plus grandes soci\u00e9t\u00e9s d'ing\u00e9nierie, de transformation alimentaire, chimiques\/p\u00e9trochimiques.","og_url":"https:\/\/www.spraypeoplegroup.com\/fr\/accueil\/","og_site_name":"The Spray People Group (SPG)","article_modified_time":"2019-11-05T10:29:57+00:00","og_image":[{"width":1200,"height":630,"url":"https:\/\/www.spraypeoplegroup.com\/wp-content\/uploads\/spray-people-group-og.jpg","type":"image\/jpeg"}],"twitter_card":"summary_large_image","twitter_misc":{"Dur\u00e9e de lecture estim\u00e9e":"2 minutes"},"schema":{"@context":"https:\/\/schema.org","@graph":[{"@type":"WebPage","@id":"https:\/\/www.spraypeoplegroup.com\/fr\/accueil\/","url":"https:\/\/www.spraypeoplegroup.com\/fr\/accueil\/","name":"The Spray People Group (SPG) | Products & Solutions Industriels de Niche","isPartOf":{"@id":"https:\/\/www.spraypeoplegroup.com\/fr\/#website"},"datePublished":"2019-09-09T11:55:06+00:00","dateModified":"2019-11-05T10:29:57+00:00","description":"Fond\u00e9 en 2013, Spray People Group compte parmi ses clients les plus grandes soci\u00e9t\u00e9s d'ing\u00e9nierie, de transformation alimentaire, chimiques\/p\u00e9trochimiques.","breadcrumb":{"@id":"https:\/\/www.spraypeoplegroup.com\/fr\/accueil\/#breadcrumb"},"inLanguage":"fr-FR","potentialAction":[{"@type":"ReadAction","target":["https:\/\/www.spraypeoplegroup.com\/fr\/accueil\/"]}]},{"@type":"BreadcrumbList","@id":"https:\/\/www.spraypeoplegroup.com\/fr\/accueil\/#breadcrumb","itemListElement":[{"@type":"ListItem","position":1,"name":"Home","item":"https:\/\/www.spraypeoplegroup.com\/fr\/"},{"@type":"ListItem","position":2,"name":"Accueil"}]},{"@type":"WebSite","@id":"https:\/\/www.spraypeoplegroup.com\/fr\/#website","url":"https:\/\/www.spraypeoplegroup.com\/fr\/","name":"The Spray People Group (SPG)","description":"UK &amp; Worldwide Specialist Business Solutions","publisher":{"@id":"https:\/\/www.spraypeoplegroup.com\/fr\/#organization"},"potentialAction":[{"@type":"SearchAction","target":{"@type":"EntryPoint","urlTemplate":"https:\/\/www.spraypeoplegroup.com\/fr\/?s={search_term_string}"},"query-input":{"@type":"PropertyValueSpecification","valueRequired":true,"valueName":"search_term_string"}}],"inLanguage":"fr-FR"},{"@type":"Organization","@id":"https:\/\/www.spraypeoplegroup.com\/fr\/#organization","name":"The Spray People Group (SPG)","url":"https:\/\/www.spraypeoplegroup.com\/fr\/","logo":{"@type":"ImageObject","inLanguage":"fr-FR","@id":"https:\/\/www.spraypeoplegroup.com\/fr\/#\/schema\/logo\/image\/","url":"https:\/\/www.spraypeoplegroup.com\/wp-content\/uploads\/spray-people-group-logo-google.jpg","contentUrl":"https:\/\/www.spraypeoplegroup.com\/wp-content\/uploads\/spray-people-group-logo-google.jpg","width":1200,"height":305,"caption":"The Spray People Group (SPG)"},"image":{"@id":"https:\/\/www.spraypeoplegroup.com\/fr\/#\/schema\/logo\/image\/"},"sameAs":["https:\/\/www.linkedin.com\/company\/17729467"]}]}},"_links":{"self":[{"href":"https:\/\/www.spraypeoplegroup.com\/fr\/wp-json\/wp\/v2\/pages\/658","targetHints":{"allow":["GET"]}}],"collection":[{"href":"https:\/\/www.spraypeoplegroup.com\/fr\/wp-json\/wp\/v2\/pages"}],"about":[{"href":"https:\/\/www.spraypeoplegroup.com\/fr\/wp-json\/wp\/v2\/types\/page"}],"author":[{"embeddable":true,"href":"https:\/\/www.spraypeoplegroup.com\/fr\/wp-json\/wp\/v2\/users\/1"}],"replies":[{"embeddable":true,"href":"https:\/\/www.spraypeoplegroup.com\/fr\/wp-json\/wp\/v2\/comments?post=658"}],"version-history":[{"count":5,"href":"https:\/\/www.spraypeoplegroup.com\/fr\/wp-json\/wp\/v2\/pages\/658\/revisions"}],"predecessor-version":[{"id":1540,"href":"https:\/\/www.spraypeoplegroup.com\/fr\/wp-json\/wp\/v2\/pages\/658\/revisions\/1540"}],"wp:attachment":[{"href":"https:\/\/www.spraypeoplegroup.com\/fr\/wp-json\/wp\/v2\/media?parent=658"}],"curies":[{"name":"wp","href":"https:\/\/api.w.org\/{rel}","templated":true}]}}